{"id":3,"date":"2024-01-11T17:31:29","date_gmt":"2024-01-11T17:31:29","guid":{"rendered":"http:\/\/reposavasos.es\/?page_id=3"},"modified":"2024-01-17T21:59:04","modified_gmt":"2024-01-17T20:59:04","slug":"privacy-policy","status":"publish","type":"page","link":"https:\/\/reposavasos.es\/en\/privacy-policy\/","title":{"rendered":"Privacy policy"},"content":{"rendered":"<h3>INTRODUCTION<\/h3>\n<p>At Keep Glass, sensitive to the needs of Internet users and aware of the importance of the rigorous privacy of the personal information they entrust to us, we include this privacy statement in order to make you aware of the policy on the treatment of personal data obtained from its visitors and users.<\/p>\n<p>As a user, you accept these conditions by the mere fact of reading, viewing or browsing the site. If you do not accept them, you must leave the site, without making any use of it and its content, and without accessing the linked pages.<\/p>\n<h3 id=\"responsable\">DATA CONTROLLER<\/h3>\n<p>The owner of the site and responsible for data processing is Ildefonso Buiza Gonz\u00e1lez, with DNI 52563272S, to contact you you can use the email address\u00a0<a href=\"mailto:k%65epg%6ca%73s%72e%70o%73a%76a%73os@gmail%2eco%6d\">keepglassreposavasos@gmail.com<\/a>The address is 616761973 or by post to C\/ Canarias N\u00b021, postal code 41429 of La Campana, Seville.<\/p>\n<h3 id=\"finalidad\">PURPOSE OF DATA PROCESSING<\/h3>\n<p>On our websites, there are specific sections where you can enter your details to receive information about updates to our website and some of the programmes that are distributed. We assure you that the information you provide will be handled in the strictest confidence.<\/p>\n<p>The data will be stored for as long as it is intended to be used for the purpose for which it was collected.<\/p>\n<p>No automated decisions are made with your data.<\/p>\n<p>The website may use cookies, please see our cookie policy.<\/p>\n<h3 id=\"legitimacion\">LEGITIMISATION OF DATA PROCESSING<\/h3>\n<p>Your data is used because you give us your consent to use the data you provide on the forms for a specific use indicated on each form. Your data are only necessary for the specific uses for which they are requested, if you do not provide them, these services are not possible.<\/p>\n<h3 id=\"transferencia\">TRANSFERS AND ASSIGNMENTS OF DATA<\/h3>\n<p>There is a firm commitment on our part that the data provided to Keep Glass will not be sold or transferred to third parties without the prior consent of the interested party under any concept or circumstance, except with express consent or legal obligation.<\/p>\n<p>Our website contains links to third party websites. Keep Glass is not responsible for the privacy policies and practices of these other sites.<\/p>\n<h3 id=\"derechos\">RIGHTS OF INTERESTED PARTIES<\/h3>\n<p>You have the right to access the information about you stored in our databases, rectify it if there are any errors, delete it, limit it, oppose its processing and withdraw your consent if you wish to do so. To do so, simply send an e-mail to the following address\u00a0<a href=\"mailto:%6b%65epglassr%65p%6f%73avas%6fs@gmail.%63%6f%6d\">keepglassreposavasos@gmail.com<\/a>\u00a0where we will be happy to answer any questions, comments or clarifications you may have.<\/p>\n<p>For more information on related topics, the reference site on the Spanish web is the\u00a0<a href=\"https:\/\/www.agpd.es\/\" target=\"_blank\" rel=\"noopener\">Data Protection Agency<\/a>where you have the right to complain.<\/p>","protected":false},"excerpt":{"rendered":"<p>INTRODUCCI\u00d3N En Keep Glass, sensibilizados con las necesidades de los usuarios de Internet y conscientes de la importancia de la rigurosa privacidad de la informaci\u00f3n personal que nos conf\u00edan, incluimos esta declaraci\u00f3n de privacidad con el objeto de que seas consciente de la pol\u00edtica en el tratamiento de los datos personales que obtiene de sus [&hellip;]<\/p>\n","protected":false},"author":1,"featured_media":0,"parent":0,"menu_order":0,"comment_status":"closed","ping_status":"closed","template":"","meta":{"site-sidebar-layout":"default","site-content-layout":"","ast-site-content-layout":"default","site-content-style":"default","site-sidebar-style":"default","ast-global-header-display":"","ast-banner-title-visibility":"","ast-main-header-display":"","ast-hfb-above-header-display":"","ast-hfb-below-header-display":"","ast-hfb-mobile-header-display":"","site-post-title":"","ast-breadcrumbs-content":"","ast-featured-img":"","footer-sml-layout":"","ast-disable-related-posts":"","theme-transparent-header-meta":"default","adv-header-id-meta":"","stick-header-meta":"default","header-above-stick-meta":"","header-main-stick-meta":"","header-below-stick-meta":"","astra-migrate-meta-layouts":"set","ast-page-background-enabled":"default","ast-page-background-meta":{"desktop":{"background-color":"","background-image":"","background-repeat":"repeat","background-position":"center center","background-size":"auto","background-attachment":"scroll","background-type":"","background-media":"","overlay-type":"","overlay-color":"","overlay-opacity":"","overlay-gradient":""},"tablet":{"background-color":"","background-image":"","background-repeat":"repeat","background-position":"center center","background-size":"auto","background-attachment":"scroll","background-type":"","background-media":"","overlay-type":"","overlay-color":"","overlay-opacity":"","overlay-gradient":""},"mobile":{"background-color":"","background-image":"","background-repeat":"repeat","background-position":"center center","background-size":"auto","background-attachment":"scroll","background-type":"","background-media":"","overlay-type":"","overlay-color":"","overlay-opacity":"","overlay-gradient":""}},"ast-content-background-meta":{"desktop":{"background-color":"var(--ast-global-color-5)","background-image":"","background-repeat":"repeat","background-position":"center center","background-size":"auto","background-attachment":"scroll","background-type":"","background-media":"","overlay-type":"","overlay-color":"","overlay-opacity":"","overlay-gradient":""},"tablet":{"background-color":"var(--ast-global-color-5)","background-image":"","background-repeat":"repeat","background-position":"center center","background-size":"auto","background-attachment":"scroll","background-type":"","background-media":"","overlay-type":"","overlay-color":"","overlay-opacity":"","overlay-gradient":""},"mobile":{"background-color":"var(--ast-global-color-5)","background-image":"","background-repeat":"repeat","background-position":"center center","background-size":"auto","background-attachment":"scroll","background-type":"","background-media":"","overlay-type":"","overlay-color":"","overlay-opacity":"","overlay-gradient":""}},"footnotes":""},"class_list":["post-3","page","type-page","status-publish","hentry"],"jetpack_sharing_enabled":true,"_links":{"self":[{"href":"https:\/\/reposavasos.es\/en\/wp-json\/wp\/v2\/pages\/3","targetHints":{"allow":["GET"]}}],"collection":[{"href":"https:\/\/reposavasos.es\/en\/wp-json\/wp\/v2\/pages"}],"about":[{"href":"https:\/\/reposavasos.es\/en\/wp-json\/wp\/v2\/types\/page"}],"author":[{"embeddable":true,"href":"https:\/\/reposavasos.es\/en\/wp-json\/wp\/v2\/users\/1"}],"replies":[{"embeddable":true,"href":"https:\/\/reposavasos.es\/en\/wp-json\/wp\/v2\/comments?post=3"}],"version-history":[{"count":2,"href":"https:\/\/reposavasos.es\/en\/wp-json\/wp\/v2\/pages\/3\/revisions"}],"predecessor-version":[{"id":1481,"href":"https:\/\/reposavasos.es\/en\/wp-json\/wp\/v2\/pages\/3\/revisions\/1481"}],"wp:attachment":[{"href":"https:\/\/reposavasos.es\/en\/wp-json\/wp\/v2\/media?parent=3"}],"curies":[{"name":"wp","href":"https:\/\/api.w.org\/{rel}","templated":true}]}}